{"id":1486,"date":"2023-08-03T10:07:56","date_gmt":"2023-08-03T08:07:56","guid":{"rendered":"https:\/\/www.apidea.faboag.ch\/shop\/apidea-begattungskaestchen-blau\/"},"modified":"2023-08-03T10:07:56","modified_gmt":"2023-08-03T08:07:56","slug":"apidea-begattungskaestchen-blau","status":"publish","type":"product","link":"https:\/\/www.apidea.faboag.ch\/en\/shop\/apidea-begattungskaestchen-blau\/","title":{"rendered":"APIDEA Begattungsk\u00e4stchen, Blau"},"content":{"rendered":"<p>18 Stk.<\/p>\n","protected":false},"excerpt":{"rendered":"<p>Die K\u00e4stchen aus Hartstyropor f\u00fcr die Bienenzucht zeichnen sich durch einfache Handhabung aus, sind stapelbar und leicht zu transportieren. Die Hitzebest\u00e4ndigen (bis 95\u00b0 Grad) Teile macht dieses K\u00e4stchen sehr langlebig. Der Futtertrog kann entfernt werden und der Brutraum bietet dann Platz f\u00fcr insgesamt f\u00fcnf R\u00e4hmchen.<\/p>\n<p><strong>Masse:<\/strong> 24cm x 15cm x 17cm<\/p>\n<p><strong>inklusive:<\/strong><\/p>\n<ul>\n<li>3 hitzebest\u00e4ndige Kunstoffr\u00e4hmchen<\/li>\n<li>hitzebest\u00e4ndiger Klarsichtdeckel mit \u00d6ffnung f\u00fcr Zellenzapfen und Verschlusskappe<br \/>\nausziehbarer Schiebeboden<\/li>\n<li>Futtertrog<\/li>\n<li>Frontschieber<\/li>\n<li>hitzebest\u00e4ndiges L\u00fcftungsgitter<\/li>\n<li>hitzebest\u00e4ndige Absperrgitter f\u00fcr Flugloch und Futtertrog<\/li>\n<\/ul>\n<p>Alle Teile sind auch separat erh\u00e4ltlich.<\/p>\n","protected":false},"featured_media":791,"comment_status":"closed","ping_status":"closed","template":"","meta":[],"product_cat":[45],"product_tag":[],"class_list":["post-1486","product","type-product","status-publish","has-post-thumbnail","hentry","product_cat-begattungskastchen-en"],"_links":{"self":[{"href":"https:\/\/www.apidea.faboag.ch\/en\/wp-json\/wp\/v2\/product\/1486","targetHints":{"allow":["GET"]}}],"collection":[{"href":"https:\/\/www.apidea.faboag.ch\/en\/wp-json\/wp\/v2\/product"}],"about":[{"href":"https:\/\/www.apidea.faboag.ch\/en\/wp-json\/wp\/v2\/types\/product"}],"replies":[{"embeddable":true,"href":"https:\/\/www.apidea.faboag.ch\/en\/wp-json\/wp\/v2\/comments?post=1486"}],"wp:featuredmedia":[{"embeddable":true,"href":"https:\/\/www.apidea.faboag.ch\/en\/wp-json\/wp\/v2\/media\/791"}],"wp:attachment":[{"href":"https:\/\/www.apidea.faboag.ch\/en\/wp-json\/wp\/v2\/media?parent=1486"}],"wp:term":[{"taxonomy":"product_cat","embeddable":true,"href":"https:\/\/www.apidea.faboag.ch\/en\/wp-json\/wp\/v2\/product_cat?post=1486"},{"taxonomy":"product_tag","embeddable":true,"href":"https:\/\/www.apidea.faboag.ch\/en\/wp-json\/wp\/v2\/product_tag?post=1486"}],"curies":[{"name":"wp","href":"https:\/\/api.w.org\/{rel}","templated":true}]}}