{"id":1409,"date":"2023-03-23T15:43:22","date_gmt":"2023-03-23T14:43:22","guid":{"rendered":"https:\/\/www.apidea.faboag.ch\/shop\/apidea-futteraufsatz\/"},"modified":"2023-03-23T15:43:22","modified_gmt":"2023-03-23T14:43:22","slug":"apidea-futteraufsatz","status":"publish","type":"product","link":"https:\/\/www.apidea.faboag.ch\/en\/shop\/apidea-futteraufsatz\/","title":{"rendered":"APIDEA Futteraufsatz"},"content":{"rendered":"<p>18 Stk.<\/p>\n","protected":false},"excerpt":{"rendered":"<p>Der Futteraufsatz aus Hartstyropor erg\u00e4nzt das Begattungsk\u00e4stchen und bietet Platz f\u00fcr ungef\u00e4hr 1,2 kg Futterteig. Abgedeckt wird er mit dem Klarsichtdeckel des Begattungsk\u00e4stchens.<\/p>\n<p><strong>Masse:<\/strong> 24cm x 15cm x 8cm<\/p>\n<p>inklusive Absperrgitter<\/p>\n<p>passend zu Artikel: <a href=\"https:\/\/www.apidea.faboag.ch\/product\/apidea-begattungskaestchen\/\" target=\"_blank\" rel=\"noopener\">APIDEA Begattungsk\u00e4stchen<\/a> und <a href=\"https:\/\/www.apidea.faboag.ch\/product\/apidea-begattungskaestchen-blau\/\" target=\"_blank\" rel=\"noopener\">APIDEA Begattungsk\u00e4stchen blau<\/a><\/p>\n","protected":false},"featured_media":827,"comment_status":"closed","ping_status":"closed","template":"","meta":[],"product_cat":[45],"product_tag":[],"class_list":["post-1409","product","type-product","status-publish","has-post-thumbnail","hentry","product_cat-begattungskastchen-en"],"_links":{"self":[{"href":"https:\/\/www.apidea.faboag.ch\/en\/wp-json\/wp\/v2\/product\/1409","targetHints":{"allow":["GET"]}}],"collection":[{"href":"https:\/\/www.apidea.faboag.ch\/en\/wp-json\/wp\/v2\/product"}],"about":[{"href":"https:\/\/www.apidea.faboag.ch\/en\/wp-json\/wp\/v2\/types\/product"}],"replies":[{"embeddable":true,"href":"https:\/\/www.apidea.faboag.ch\/en\/wp-json\/wp\/v2\/comments?post=1409"}],"wp:featuredmedia":[{"embeddable":true,"href":"https:\/\/www.apidea.faboag.ch\/en\/wp-json\/wp\/v2\/media\/827"}],"wp:attachment":[{"href":"https:\/\/www.apidea.faboag.ch\/en\/wp-json\/wp\/v2\/media?parent=1409"}],"wp:term":[{"taxonomy":"product_cat","embeddable":true,"href":"https:\/\/www.apidea.faboag.ch\/en\/wp-json\/wp\/v2\/product_cat?post=1409"},{"taxonomy":"product_tag","embeddable":true,"href":"https:\/\/www.apidea.faboag.ch\/en\/wp-json\/wp\/v2\/product_tag?post=1409"}],"curies":[{"name":"wp","href":"https:\/\/api.w.org\/{rel}","templated":true}]}}