{"id":1342,"date":"2023-03-01T09:42:20","date_gmt":"2023-03-01T08:42:20","guid":{"rendered":"https:\/\/www.apidea.faboag.ch\/ueber-uns\/"},"modified":"2023-03-01T09:42:20","modified_gmt":"2023-03-01T08:42:20","slug":"ueber-uns","status":"publish","type":"page","link":"https:\/\/www.apidea.faboag.ch\/en\/ueber-uns\/","title":{"rendered":"\u00dcber Uns"},"content":{"rendered":"<section class=\"l-section wpb_row height_large\"><div class=\"l-section-h i-cf\"><div class=\"g-cols vc_row via_grid cols_1 laptops-cols_inherit tablets-cols_inherit mobiles-cols_1 valign_top type_default stacking_default\"><div class=\"wpb_column vc_column_container\"><div class=\"vc_column-inner\"><h1 class=\"w-post-elm post_title align_center entry-title color_link_inherit\">\u00dcber Uns<\/h1><div class=\"w-separator size_medium\"><\/div><div class=\"g-cols wpb_row via_grid cols_2-1 laptops-cols_inherit tablets-cols_inherit mobiles-cols_1 valign_top type_default stacking_default\" style=\"--gap:3rem;\"><div class=\"wpb_column vc_column_container\"><div class=\"vc_column-inner\"><div class=\"wpb_text_column\"><div class=\"wpb_wrapper\"><p>In den Jahren 1978 &amp; 1979 entwickelte Milan Lusser, der Vater des APIDEA Begattungsk\u00e4stchen, in seiner kleinen Werkstatt in der Schweiz die ersten Modelle des legend\u00e4ren K\u00e4stchens. Die Perfektion der K\u00e4stchen stand schon immer an vorderster Stelle, daher vergingen ein paar Jahre bis im Fr\u00fchling 1982 die Patentschrift erstellt werden konnte. 4 Jahre darauf wurde das Patent schlussendlich erteilt. Nun konnte der europaweite Siegeszug des herausragenden Begattungsk\u00e4stchens beginnen. Die Z\u00fcchterinnen und Z\u00fcchter erkannten die einfache Handhabung und die w\u00e4rmed\u00e4mmende Eigenschaft schnell. So setzte sich APIDEA in der Praxis rasch durch. In den n\u00e4chsten Jahrzehnten wurden hunderttausende APIDEA-K\u00e4stchen eingesetzt. An der APIDMONDIA in Lausanne im Jahr 1995 wurde das APIDEA-K\u00e4stchen mit Gold ausgezeichnet. 2004 haben Karin Kunder und Silvio Hitz die Markenrechte der APIDEA \u00fcbernommen. Sie f\u00fchrten die Tradition des hohen Qualit\u00e4tsanspruches an das APIDEA Begattungsk\u00e4stchens und den weiteren Produkten weiter und entwickelten immer wieder neue Anpassungen und Verbesserungen. Wir sind \u00fcberzeugt, dass auch die n\u00e4chste Generation in diesem Sinne die hohe Schweizer Qualit\u00e4t aufrecht h\u00e4lt.<\/p>\n<\/div><\/div><\/div><\/div><div class=\"wpb_column vc_column_container\"><div class=\"vc_column-inner\"><div class=\"w-image us_custom_9cf479d2 has_ratio align_none\"><div class=\"w-image-h\"><div style=\"padding-bottom:100%\"><\/div><img loading=\"lazy\" decoding=\"async\" width=\"1024\" height=\"768\" src=\"https:\/\/www.apidea.faboag.ch\/wp-content\/uploads\/2023\/09\/apidea_bienenzucht_3-1024x768.webp\" class=\"attachment-large size-large\" alt=\"\" srcset=\"https:\/\/www.apidea.faboag.ch\/wp-content\/uploads\/2023\/09\/apidea_bienenzucht_3-1024x768.webp 1024w, https:\/\/www.apidea.faboag.ch\/wp-content\/uploads\/2023\/09\/apidea_bienenzucht_3-600x450.webp 600w, https:\/\/www.apidea.faboag.ch\/wp-content\/uploads\/2023\/09\/apidea_bienenzucht_3-300x225.webp 300w\" sizes=\"auto, (max-width: 1024px) 100vw, 1024px\" \/><\/div><\/div><\/div><\/div><\/div><\/div><\/div><\/div><\/div><\/section><section class=\"l-section wpb_row height_large\"><div class=\"l-section-overlay\" style=\"background:var(--color-chrome-toolbar)\"><\/div><div class=\"l-section-h i-cf\"><div class=\"g-cols vc_row via_grid cols_1 laptops-cols_inherit tablets-cols_inherit mobiles-cols_1 valign_top type_default stacking_default\"><div class=\"wpb_column vc_column_container\"><div class=\"vc_column-inner\"><div class=\"w-grid type_carousel layout_gallery_default\" id=\"us_grid_1\" style=\"--gap:1.5rem;\"><style>.layout_gallery_default .w-grid-item-h{}<\/style><div class=\"w-grid-list owl-carousel navstyle_circle navpos_outside\" style=\"--arrows-size:1.8rem;\">\t<article class=\"w-grid-item post-925 attachment type-attachment status-inherit hentry\" data-id=\"925\">\r\n\t\t<div class=\"w-grid-item-h\">\r\n\t\t\t\t\t\t<div class=\"w-post-elm post_image usg_post_image_1 stretched\"><img loading=\"lazy\" decoding=\"async\" width=\"1024\" height=\"683\" src=\"https:\/\/www.apidea.faboag.ch\/wp-content\/uploads\/2023\/10\/apidea-about-us-3-2-1-1024x683.webp\" class=\"attachment-large size-large\" alt=\"\" srcset=\"https:\/\/www.apidea.faboag.ch\/wp-content\/uploads\/2023\/10\/apidea-about-us-3-2-1-1024x683.webp 1024w, https:\/\/www.apidea.faboag.ch\/wp-content\/uploads\/2023\/10\/apidea-about-us-3-2-1-600x400.webp 600w, https:\/\/www.apidea.faboag.ch\/wp-content\/uploads\/2023\/10\/apidea-about-us-3-2-1-300x200.webp 300w, https:\/\/www.apidea.faboag.ch\/wp-content\/uploads\/2023\/10\/apidea-about-us-3-2-1-1200x800.webp 1200w\" sizes=\"auto, (max-width: 1024px) 100vw, 1024px\" \/><\/div>\t\t<\/div>\r\n\t<\/article>\r\n\t<article class=\"w-grid-item post-927 attachment type-attachment status-inherit hentry\" data-id=\"927\">\r\n\t\t<div class=\"w-grid-item-h\">\r\n\t\t\t\t\t\t<div class=\"w-post-elm post_image usg_post_image_1 stretched\"><img loading=\"lazy\" decoding=\"async\" width=\"1024\" height=\"683\" src=\"https:\/\/www.apidea.faboag.ch\/wp-content\/uploads\/2023\/10\/apidea-messe-3-2-1-1024x683.webp\" class=\"attachment-large size-large\" alt=\"\" srcset=\"https:\/\/www.apidea.faboag.ch\/wp-content\/uploads\/2023\/10\/apidea-messe-3-2-1-1024x683.webp 1024w, https:\/\/www.apidea.faboag.ch\/wp-content\/uploads\/2023\/10\/apidea-messe-3-2-1-600x400.webp 600w, https:\/\/www.apidea.faboag.ch\/wp-content\/uploads\/2023\/10\/apidea-messe-3-2-1-300x200.webp 300w, https:\/\/www.apidea.faboag.ch\/wp-content\/uploads\/2023\/10\/apidea-messe-3-2-1-1200x800.webp 1200w\" sizes=\"auto, (max-width: 1024px) 100vw, 1024px\" \/><\/div>\t\t<\/div>\r\n\t<\/article>\r\n\t<article class=\"w-grid-item post-929 attachment type-attachment status-inherit hentry\" data-id=\"929\">\r\n\t\t<div class=\"w-grid-item-h\">\r\n\t\t\t\t\t\t<div class=\"w-post-elm post_image usg_post_image_1 stretched\"><img loading=\"lazy\" decoding=\"async\" width=\"1024\" height=\"683\" src=\"https:\/\/www.apidea.faboag.ch\/wp-content\/uploads\/2023\/10\/apidea-about-us-3-2-2-1-1024x683.webp\" class=\"attachment-large size-large\" alt=\"\" srcset=\"https:\/\/www.apidea.faboag.ch\/wp-content\/uploads\/2023\/10\/apidea-about-us-3-2-2-1-1024x683.webp 1024w, https:\/\/www.apidea.faboag.ch\/wp-content\/uploads\/2023\/10\/apidea-about-us-3-2-2-1-600x400.webp 600w, https:\/\/www.apidea.faboag.ch\/wp-content\/uploads\/2023\/10\/apidea-about-us-3-2-2-1-300x200.webp 300w, https:\/\/www.apidea.faboag.ch\/wp-content\/uploads\/2023\/10\/apidea-about-us-3-2-2-1.webp 1200w\" sizes=\"auto, (max-width: 1024px) 100vw, 1024px\" \/><\/div>\t\t<\/div>\r\n\t<\/article>\r\n<\/div>\t<div class=\"g-preloader type_1\">\r\n\t\t<div><\/div>\r\n\t<\/div>\r\n\t\t<div class=\"w-grid-json hidden\" onclick='return {&quot;action&quot;:&quot;us_ajax_grid&quot;,&quot;ajax_url&quot;:&quot;https:\\\/\\\/www.apidea.faboag.ch\\\/wp-admin\\\/admin-ajax.php&quot;,&quot;infinite_scroll&quot;:0,&quot;max_num_pages&quot;:1,&quot;pagination&quot;:&quot;none&quot;,&quot;template_vars&quot;:{&quot;columns&quot;:&quot;1&quot;,&quot;exclude_items&quot;:&quot;none&quot;,&quot;img_size&quot;:&quot;large&quot;,&quot;ignore_items_size&quot;:0,&quot;items_layout&quot;:&quot;gallery_default&quot;,&quot;items_offset&quot;:&quot;1&quot;,&quot;load_animation&quot;:&quot;none&quot;,&quot;overriding_link&quot;:&quot;%7B%22url%22%3A%22%22%7D&quot;,&quot;post_id&quot;:0,&quot;query_args&quot;:{&quot;post_type&quot;:[&quot;attachment&quot;],&quot;post__in&quot;:[&quot;472&quot;,&quot;473&quot;,&quot;474&quot;],&quot;post_status&quot;:&quot;inherit&quot;,&quot;post_mime_type&quot;:&quot;image&quot;,&quot;posts_per_page&quot;:&quot;10&quot;},&quot;orderby_query_args&quot;:{&quot;orderby&quot;:{&quot;post__in&quot;:&quot;ASC&quot;},&quot;order&quot;:&quot;ASC&quot;},&quot;type&quot;:&quot;carousel&quot;,&quot;us_grid_ajax_index&quot;:1,&quot;us_grid_filter_params&quot;:[],&quot;us_grid_index&quot;:1,&quot;_us_grid_post_type&quot;:&quot;attachment&quot;,&quot;page_args&quot;:[],&quot;lang&quot;:&quot;en&quot;},&quot;carousel_settings&quot;:{&quot;autoHeight&quot;:0,&quot;autoplay&quot;:0,&quot;carousel_fade&quot;:0,&quot;center&quot;:0,&quot;dots&quot;:0,&quot;items&quot;:&quot;1&quot;,&quot;loop&quot;:false,&quot;nav&quot;:1,&quot;slideby&quot;:&quot;1&quot;,&quot;smooth_play&quot;:0,&quot;speed&quot;:250,&quot;timeout&quot;:3000,&quot;transition&quot;:&quot;cubic-bezier(.78,.13,.15,.86)&quot;,&quot;aria_labels&quot;:{&quot;prev&quot;:&quot;Previous&quot;,&quot;next&quot;:&quot;Next&quot;}},&quot;carousel_breakpoints&quot;:{&quot;0&quot;:{&quot;autoHeight&quot;:0,&quot;autoplay&quot;:1,&quot;autoplayHoverPause&quot;:1,&quot;items&quot;:1,&quot;loop&quot;:true,&quot;stagePadding&quot;:0},&quot;601&quot;:{&quot;autoHeight&quot;:0,&quot;autoplay&quot;:1,&quot;autoplayHoverPause&quot;:1,&quot;items&quot;:&quot;1&quot;,&quot;loop&quot;:true,&quot;stagePadding&quot;:0},&quot;1026&quot;:{&quot;autoHeight&quot;:0,&quot;autoplay&quot;:1,&quot;autoplayHoverPause&quot;:1,&quot;items&quot;:&quot;1&quot;,&quot;loop&quot;:true,&quot;stagePadding&quot;:0},&quot;1281&quot;:{&quot;items&quot;:1,&quot;stagePadding&quot;:0}}}'><\/div>\r\n\t<\/div><\/div><\/div><\/div><\/div><\/section>\n","protected":false},"excerpt":{"rendered":"","protected":false},"author":1,"featured_media":545,"parent":0,"menu_order":0,"comment_status":"closed","ping_status":"closed","template":"","meta":{"footnotes":""},"class_list":["post-1342","page","type-page","status-publish","has-post-thumbnail","hentry"],"_links":{"self":[{"href":"https:\/\/www.apidea.faboag.ch\/en\/wp-json\/wp\/v2\/pages\/1342","targetHints":{"allow":["GET"]}}],"collection":[{"href":"https:\/\/www.apidea.faboag.ch\/en\/wp-json\/wp\/v2\/pages"}],"about":[{"href":"https:\/\/www.apidea.faboag.ch\/en\/wp-json\/wp\/v2\/types\/page"}],"author":[{"embeddable":true,"href":"https:\/\/www.apidea.faboag.ch\/en\/wp-json\/wp\/v2\/users\/1"}],"replies":[{"embeddable":true,"href":"https:\/\/www.apidea.faboag.ch\/en\/wp-json\/wp\/v2\/comments?post=1342"}],"version-history":[{"count":0,"href":"https:\/\/www.apidea.faboag.ch\/en\/wp-json\/wp\/v2\/pages\/1342\/revisions"}],"wp:featuredmedia":[{"embeddable":true,"href":"https:\/\/www.apidea.faboag.ch\/en\/wp-json\/wp\/v2\/media\/545"}],"wp:attachment":[{"href":"https:\/\/www.apidea.faboag.ch\/en\/wp-json\/wp\/v2\/media?parent=1342"}],"curies":[{"name":"wp","href":"https:\/\/api.w.org\/{rel}","templated":true}]}}