{"id":1341,"date":"2023-10-13T10:02:48","date_gmt":"2023-10-13T08:02:48","guid":{"rendered":"https:\/\/www.apidea.faboag.ch\/registrationsformular\/"},"modified":"2023-10-13T10:02:48","modified_gmt":"2023-10-13T08:02:48","slug":"registrationsformular","status":"publish","type":"page","link":"https:\/\/www.apidea.faboag.ch\/en\/registrationsformular\/","title":{"rendered":"Registrationsformular"},"content":{"rendered":"<section class=\"l-section wpb_row height_large\"><div class=\"l-section-h i-cf\"><div class=\"g-cols vc_row via_grid cols_1 laptops-cols_inherit tablets-cols_inherit mobiles-cols_1 valign_top type_default stacking_default\"><div class=\"wpb_column vc_column_container\"><div class=\"vc_column-inner\"><h1 class=\"w-post-elm post_title align_center entry-title color_link_inherit\">Registrationsformular<\/h1><div class=\"w-separator size_medium\"><\/div><div class=\"wpb_text_column\"><div class=\"wpb_wrapper\"><p style=\"text-align: center;\">Bestellungen sind nur f\u00fcr Wiederverk\u00e4ufer m\u00f6glich. Ihr H\u00e4ndler innerhalb der Schweiz <a href=\"https:\/\/www.imkerhof.ch\/index.php\/home-2013.html\" target=\"_blank\" rel=\"noopener\">www.imkerhof.ch<\/a><\/p>\n<\/div><\/div><div class=\"w-separator size_medium\"><\/div><div class=\"wpb_text_column\"><div class=\"wpb_wrapper\"><div id=\"quform-11a90c\" class=\"quform quform-1 quform-support-page-caching\"><form id=\"quform-form-11a90c\" class=\"quform-form quform-form-1\" action=\"\/en\/wp-json\/wp\/v2\/pages\/1341#quform-11a90c\" method=\"post\" enctype=\"multipart\/form-data\" novalidate=\"novalidate\" data-options=\"{&quot;id&quot;:1,&quot;uniqueId&quot;:&quot;11a90c&quot;,&quot;theme&quot;:&quot;&quot;,&quot;ajax&quot;:true,&quot;logic&quot;:{&quot;logic&quot;:[],&quot;dependents&quot;:[],&quot;elementIds&quot;:[],&quot;dependentElementIds&quot;:[],&quot;animate&quot;:true},&quot;currentPageId&quot;:1,&quot;errorsIcon&quot;:&quot;&quot;,&quot;updateFancybox&quot;:true,&quot;hasPages&quot;:false,&quot;pages&quot;:[1],&quot;pageProgressType&quot;:&quot;numbers&quot;,&quot;tooltipsEnabled&quot;:true,&quot;tooltipClasses&quot;:&quot;qtip-quform-dark qtip-shadow&quot;,&quot;tooltipMy&quot;:&quot;left center&quot;,&quot;tooltipAt&quot;:&quot;right center&quot;,&quot;isRtl&quot;:false,&quot;scrollOffset&quot;:-50,&quot;scrollSpeed&quot;:800}\"><button class=\"quform-default-submit\" name=\"quform_submit\" type=\"submit\" value=\"submit\" aria-hidden=\"true\" tabindex=\"-1\"><\/button><div class=\"quform-form-inner quform-form-inner-1\"><input type=\"hidden\" name=\"quform_form_id\" value=\"1\" \/><input type=\"hidden\" name=\"quform_form_uid\" value=\"11a90c\" \/><input type=\"hidden\" name=\"quform_count\" value=\"1\" \/><input type=\"hidden\" name=\"form_url\" value=\"https:\/\/www.apidea.faboag.ch\/en\/wp-json\/wp\/v2\/pages\/1341\" \/><input type=\"hidden\" name=\"referring_url\" value=\"\" \/><input type=\"hidden\" name=\"post_id\" value=\"\" \/><input type=\"hidden\" name=\"post_title\" value=\"\" \/><input type=\"hidden\" name=\"quform_current_page_id\" value=\"1\" \/><input type=\"hidden\" name=\"quform_csrf_token\" value=\"M8Tek0an4QCJbMonWrhHD9FsJCp0IiEygy0tbmN4\" \/><div class=\"quform-elements quform-elements-1 quform-cf quform-responsive-elements-phone-landscape\"><div class=\"quform-element quform-element-page quform-page-1 quform-page-1_1 quform-cf quform-group-style-plain quform-first-page quform-last-page quform-current-page\"><div class=\"quform-child-elements\"><div class=\"quform-element quform-element-row quform-element-row-1_30 quform-2-columns quform-element-row-size-fixed quform-responsive-columns-phone-landscape\"><div class=\"quform-element quform-element-column quform-element-1_31\"><div class=\"quform-element quform-element-text quform-element-1_3 quform-cf quform-element-required\"><div class=\"quform-spacer\"><div class=\"quform-label quform-label-1_3\"><label class=\"quform-label-text\" for=\"quform_1_3_11a90c\">Firmenname<span class=\"quform-required\">*<\/span><\/label><\/div><div class=\"quform-inner quform-inner-text quform-inner-1_3\"><div class=\"quform-input quform-input-text quform-input-1_3 quform-cf\"><input type=\"text\" id=\"quform_1_3_11a90c\" name=\"quform_1_3\" class=\"quform-field quform-field-text quform-field-1_3\" \/><\/div><\/div><\/div><\/div><\/div><div class=\"quform-element quform-element-column quform-element-1_32\"><div class=\"quform-element quform-element-text quform-element-1_11 quform-cf quform-element-required\"><div class=\"quform-spacer\"><div class=\"quform-label quform-label-1_11\"><label class=\"quform-label-text\" for=\"quform_1_11_11a90c\">Adresse<span class=\"quform-required\">*<\/span><\/label><\/div><div class=\"quform-inner quform-inner-text quform-inner-1_11\"><div class=\"quform-input quform-input-text quform-input-1_11 quform-cf\"><input type=\"text\" id=\"quform_1_11_11a90c\" name=\"quform_1_11\" class=\"quform-field quform-field-text quform-field-1_11\" \/><\/div><\/div><\/div><\/div><\/div><\/div><div class=\"quform-element quform-element-row quform-element-row-1_4 quform-3-columns quform-element-row-size-fixed quform-responsive-columns-phone-landscape\"><div class=\"quform-element quform-element-column quform-element-1_5\"><div class=\"quform-element quform-element-text quform-element-1_8 quform-cf quform-element-required\"><div class=\"quform-spacer\"><div class=\"quform-label quform-label-1_8\"><label class=\"quform-label-text\" for=\"quform_1_8_11a90c\">PLZ<span class=\"quform-required\">*<\/span><\/label><\/div><div class=\"quform-inner quform-inner-text quform-inner-1_8\"><div class=\"quform-input quform-input-text quform-input-1_8 quform-cf\"><input type=\"text\" id=\"quform_1_8_11a90c\" name=\"quform_1_8\" class=\"quform-field quform-field-text quform-field-1_8\" \/><\/div><\/div><\/div><\/div><\/div><div class=\"quform-element quform-element-column quform-element-1_6\"><div class=\"quform-element quform-element-text quform-element-1_9 quform-cf quform-element-required\"><div class=\"quform-spacer\"><div class=\"quform-label quform-label-1_9\"><label class=\"quform-label-text\" for=\"quform_1_9_11a90c\">Ort<span class=\"quform-required\">*<\/span><\/label><\/div><div class=\"quform-inner quform-inner-text quform-inner-1_9\"><div class=\"quform-input quform-input-text quform-input-1_9 quform-cf\"><input type=\"text\" id=\"quform_1_9_11a90c\" name=\"quform_1_9\" class=\"quform-field quform-field-text quform-field-1_9\" \/><\/div><\/div><\/div><\/div><\/div><div class=\"quform-element quform-element-column quform-element-1_7\"><div class=\"quform-element quform-element-text quform-element-1_10 quform-cf quform-element-required\"><div class=\"quform-spacer\"><div class=\"quform-label quform-label-1_10\"><label class=\"quform-label-text\" for=\"quform_1_10_11a90c\">Land<span class=\"quform-required\">*<\/span><\/label><\/div><div class=\"quform-inner quform-inner-text quform-inner-1_10\"><div class=\"quform-input quform-input-text quform-input-1_10 quform-cf\"><input type=\"text\" id=\"quform_1_10_11a90c\" name=\"quform_1_10\" class=\"quform-field quform-field-text quform-field-1_10\" \/><\/div><\/div><\/div><\/div><\/div><\/div><div class=\"quform-element quform-element-row quform-element-row-1_18 quform-3-columns quform-element-row-size-fixed quform-responsive-columns-phone-landscape\"><div class=\"quform-element quform-element-column quform-element-1_19\"><div class=\"quform-element quform-element-text quform-element-1_15 quform-cf quform-element-required\"><div class=\"quform-spacer\"><div class=\"quform-label quform-label-1_15\"><label class=\"quform-label-text\" for=\"quform_1_15_11a90c\">Mailadresse<span class=\"quform-required\">*<\/span><\/label><\/div><div class=\"quform-inner quform-inner-text quform-inner-1_15\"><div class=\"quform-input quform-input-text quform-input-1_15 quform-cf\"><input type=\"text\" id=\"quform_1_15_11a90c\" name=\"quform_1_15\" class=\"quform-field quform-field-text quform-field-1_15\" \/><\/div><\/div><\/div><\/div><\/div><div class=\"quform-element quform-element-column quform-element-1_21\"><div class=\"quform-element quform-element-text quform-element-1_16 quform-cf quform-element-required\"><div class=\"quform-spacer\"><div class=\"quform-label quform-label-1_16\"><label class=\"quform-label-text\" for=\"quform_1_16_11a90c\">Telefonnummer<span class=\"quform-required\">*<\/span><\/label><\/div><div class=\"quform-inner quform-inner-text quform-inner-1_16\"><div class=\"quform-input quform-input-text quform-input-1_16 quform-cf\"><input type=\"text\" id=\"quform_1_16_11a90c\" name=\"quform_1_16\" class=\"quform-field quform-field-text quform-field-1_16\" \/><\/div><\/div><\/div><\/div><\/div><div class=\"quform-element quform-element-column quform-element-1_23\"><div class=\"quform-element quform-element-text quform-element-1_17 quform-cf quform-element-required\"><div class=\"quform-spacer\"><div class=\"quform-label quform-label-1_17\"><label class=\"quform-label-text\" for=\"quform_1_17_11a90c\">USt. - Nummer <span class=\"quform-required\">*<\/span><\/label><\/div><div class=\"quform-inner quform-inner-text quform-inner-1_17\"><div class=\"quform-input quform-input-text quform-input-1_17 quform-cf\"><input type=\"text\" id=\"quform_1_17_11a90c\" name=\"quform_1_17\" class=\"quform-field quform-field-text quform-field-1_17\" \/><\/div><\/div><\/div><\/div><\/div><\/div><div class=\"quform-element quform-element-row quform-element-row-1_25 quform-2-columns quform-element-row-size-fixed quform-responsive-columns-phone-landscape\"><div class=\"quform-element quform-element-column quform-element-1_26\"><div class=\"quform-element quform-element-text quform-element-1_28 quform-cf quform-element-required\"><div class=\"quform-spacer\"><div class=\"quform-label quform-label-1_28\"><label class=\"quform-label-text\" for=\"quform_1_28_11a90c\">Name<span class=\"quform-required\">*<\/span><\/label><\/div><div class=\"quform-inner quform-inner-text quform-inner-1_28\"><div class=\"quform-input quform-input-text quform-input-1_28 quform-cf\"><input type=\"text\" id=\"quform_1_28_11a90c\" name=\"quform_1_28\" class=\"quform-field quform-field-text quform-field-1_28\" \/><\/div><\/div><\/div><\/div><\/div><div class=\"quform-element quform-element-column quform-element-1_27\"><div class=\"quform-element quform-element-text quform-element-1_29 quform-cf quform-element-required\"><div class=\"quform-spacer\"><div class=\"quform-label quform-label-1_29\"><label class=\"quform-label-text\" for=\"quform_1_29_11a90c\">Vorname<span class=\"quform-required\">*<\/span><\/label><\/div><div class=\"quform-inner quform-inner-text quform-inner-1_29\"><div class=\"quform-input quform-input-text quform-input-1_29 quform-cf\"><input type=\"text\" id=\"quform_1_29_11a90c\" name=\"quform_1_29\" class=\"quform-field quform-field-text quform-field-1_29\" \/><\/div><\/div><\/div><\/div><\/div><\/div><div class=\"quform-element quform-element-captcha quform-element-1_37 quform-cf quform-element-required\"><div class=\"quform-spacer\"><div class=\"quform-label quform-label-1_37\"><label class=\"quform-label-text\" for=\"quform_1_37_11a90c\">Bitte geben Sie die Zeichen ein<span class=\"quform-required\">*<\/span><\/label><\/div><div class=\"quform-inner quform-inner-captcha quform-inner-1_37\"><div class=\"quform-input quform-input-captcha quform-input-1_37 quform-cf\"><input type=\"text\" id=\"quform_1_37_11a90c\" name=\"quform_1_37\" class=\"quform-field quform-field-captcha quform-field-1_37\" \/><\/div><div class=\"quform-captcha quform-cf\"><div class=\"quform-captcha-image quform-captcha-image-1_37\"><img loading=\"lazy\" decoding=\"async\" class=\"quform-captcha-image-img\" src=\"data:image\/png;base64,iVBORw0KGgoAAAANSUhEUgAAAOYAAABQBAMAAAD\/1xTgAAAAIVBMVEX\/\/\/8iIiLj4+PHx8eQkJBZWVmsrKx0dHQ9PT1qampfX1++E0q0AAAACXBIWXMAAA7EAAAOxAGVKw4bAAAEDElEQVRoge1Xz1fTQBBe8rNHx1LaY4I+5dhYRY8URTlaoT6OBNB6JMqP582IT\/w7\/Eud3dkkkzbtBsQ+D\/kO5LGd2W935pvZXSEaNGjQoEGDBg0aNKjG04PelyVTfgLE2yUSWmJDUkJneZRP0++p4oStZVHuKrru8QeA+0uidIgyEGIIa0vi9CGTT2txQv10T9iT8ZZ4fnYkrFf9m9HYv5iDDdcjgD6xB\/mwtXP56liIyfgiG4so56sW\/kGX1cUc1nr5\/1apKgZyNmKHQ2aD6O9S2O034\/0jzdlxwCxyewcNDvnIylQlhtBTX4BTZoM4ULNfeUrWX8uc3fmMwWNl0ePhD9ncEi7tUyRwLx\/TMyuM6DNQ3zWsLUm5PW+Lk7Sr\/bgk46lC9CifON4uBh+cyKW+HCQ59ZqVQm8QqPV0gjmUPlsr5Bu1zhIoi87S3SAsB4yahCed3w9kZoOEVOYuaJM66z8CC42\/ZaPoAfvHJcOUfnV1XvOVKG0mFKQhZjukxYUAcyslypPtQKFtfybWOJ\/qQGj1ZJLPZuu+FJG00O2eS0sfLhAtxio7LUZaJhKTGalHtATcWVr0P1vHJqSA4o9tj5aRLmhYXncddM2FrPZs6Jyc73FD3YHslAfA08vVnJjetlDh8liiqgDagafdm+khvoqCr8rwfmFGLrpjKM5EZtw1HEBZTDFVee05M6HBMPYfBUMSXGFGZRyRsiy5nEhuIeQ9sgJDzWmzDfizZxbAGNoo0M5RMZZxxoyzJbc4XNSDlANks+b13mLtRkN2mNUQLviYr0OoVWrLSDkylSlvHRXI48C0tjItATuhNlMuOreCU27WM12cWln5Ms4QfTx+yQtV8RxOubpa6gmFktSKZ5jLj58q5BpjAZHtNuIyiGV3C8QUsuVqThVWKaiw1K0q4OhAWExDQ1xnzDkjuK5Yecapj2eaqSVPGcNxnemV17Fs8UNgRt7LKtcVLYURZcVXMnZKJTwH+nBtsSSMkDM132UzzpRzyovJ1Ok7i1Ql1BqxJCRwOtuKprEzxvp5QjMoJWhljMDQERQBdPv2LitPTF8nMcXHo2Nw1Tq\/RFdJ4lOk4hrX\/Tg7sw\/L8xnioznhBX3eOZd4q\/otVF0Zb95Rxd3kWY216juQdu+qXixrODSnk+5vGKSADz76GFRbF7A2T96cH\/x0S5yYoNicTnUTgd6F0W4eBpI6vdoormEm9anUd17fmrHApnpKnW7UeaUaO3JdOLLSH2LMAqOpZbhI1IalxXhVwza9q1clVV2Nbcqm0PbO7oJT3dDgcx3TGLqx4cCrCQ8b6LxXSsluW4Vk6y44hVg3m4isncx90fwTKMr9G77D\/xIJdG7fg24J79hs06BBgwYNGvx3+AOuB6OSsqYU5gAAAABJRU5ErkJggg==\" alt=\"CAPTCHA image\" data-element-id=\"37\" width=\"115\" height=\"40\" \/><\/div><\/div><p class=\"quform-description quform-description-below\">Dies hilft uns, Spam zu verhindern, vielen Dank.<\/p><\/div><\/div><\/div><div class=\"quform-element quform-element-submit quform-element-1_2 quform-cf quform-button-style-theme\"><div class=\"quform-button-submit quform-button-submit-default quform-button-submit-1_2\"><button name=\"quform_submit\" type=\"submit\" class=\"quform-submit\" value=\"submit\"><span class=\"quform-button-text quform-button-submit-text\">Send<\/span><\/button><\/div><div class=\"quform-loading quform-loading-position-left quform-loading-type-spinner-1\"><div class=\"quform-loading-inner\"><div class=\"quform-loading-spinner\"><div class=\"quform-loading-spinner-inner\"><\/div><\/div><\/div><\/div><\/div><div class=\"quform-element-tree\"><label for=\"quform_1_0_11a90c\">This field should be left blank<\/label><input type=\"text\" id=\"quform_1_0_11a90c\" name=\"quform_1_0\" class=\"quform-field quform-field-tree quform-field-1_0\" tabindex=\"-1\" autocomplete=\"off\" \/><\/div><\/div><\/div><\/div><\/div><\/form><\/div>\n<\/div><\/div><\/div><\/div><\/div><\/div><\/section>\n","protected":false},"excerpt":{"rendered":"RegistrationsformularBestellungen sind nur f\u00fcr Wiederverk\u00e4ufer m\u00f6glich. Ihr H\u00e4ndler innerhalb der Schweiz www.imkerhof.ch Firmenname*Adresse*PLZ*Ort*Land*Mailadresse*Telefonnummer*USt. - Nummer *Name*Vorname*Bitte geben Sie die Zeichen ein*Dies hilft uns, Spam zu verhindern, vielen Dank.SendThis field should be left blank","protected":false},"author":1,"featured_media":657,"parent":0,"menu_order":0,"comment_status":"closed","ping_status":"closed","template":"","meta":{"footnotes":""},"class_list":["post-1341","page","type-page","status-publish","has-post-thumbnail","hentry"],"_links":{"self":[{"href":"https:\/\/www.apidea.faboag.ch\/en\/wp-json\/wp\/v2\/pages\/1341","targetHints":{"allow":["GET"]}}],"collection":[{"href":"https:\/\/www.apidea.faboag.ch\/en\/wp-json\/wp\/v2\/pages"}],"about":[{"href":"https:\/\/www.apidea.faboag.ch\/en\/wp-json\/wp\/v2\/types\/page"}],"author":[{"embeddable":true,"href":"https:\/\/www.apidea.faboag.ch\/en\/wp-json\/wp\/v2\/users\/1"}],"replies":[{"embeddable":true,"href":"https:\/\/www.apidea.faboag.ch\/en\/wp-json\/wp\/v2\/comments?post=1341"}],"version-history":[{"count":0,"href":"https:\/\/www.apidea.faboag.ch\/en\/wp-json\/wp\/v2\/pages\/1341\/revisions"}],"wp:featuredmedia":[{"embeddable":true,"href":"https:\/\/www.apidea.faboag.ch\/en\/wp-json\/wp\/v2\/media\/657"}],"wp:attachment":[{"href":"https:\/\/www.apidea.faboag.ch\/en\/wp-json\/wp\/v2\/media?parent=1341"}],"curies":[{"name":"wp","href":"https:\/\/api.w.org\/{rel}","templated":true}]}}