{"id":1338,"date":"2023-02-27T15:59:26","date_gmt":"2023-02-27T14:59:26","guid":{"rendered":"https:\/\/www.apidea.faboag.ch\/news\/"},"modified":"2023-02-27T15:59:26","modified_gmt":"2023-02-27T14:59:26","slug":"news","status":"publish","type":"page","link":"https:\/\/www.apidea.faboag.ch\/en\/news\/","title":{"rendered":"News"},"content":{"rendered":"<section class=\"l-section wpb_row height_large\"><div class=\"l-section-h i-cf\"><div class=\"g-cols vc_row via_grid cols_1 laptops-cols_inherit tablets-cols_inherit mobiles-cols_1 valign_top type_default stacking_default\"><div class=\"wpb_column vc_column_container\"><div class=\"vc_column-inner\"><div class=\"wpb_text_column\"><div class=\"wpb_wrapper\"><h1 style=\"text-align: center;\">Neueste Nachrichten<\/h1>\n<\/div><\/div><div class=\"w-separator size_medium\"><\/div><div class=\"g-cols wpb_row via_grid cols_1 laptops-cols_inherit tablets-cols_inherit mobiles-cols_1 valign_top type_default stacking_default\" style=\"--gap:3rem;\"><div class=\"wpb_column vc_column_container\"><div class=\"vc_column-inner\"><div class=\"w-grid type_grid layout_37 cols_2\" id=\"us_grid_1\" style=\"--gap:3rem;\" data-filterable=\"true\"><style>@media (max-width:600px){#us_grid_1 .w-grid-list{margin:0}#us_grid_1 .w-grid-item{width:100%;padding:0;margin-bottom:var(--gap,0px)}}.layout_37 .w-grid-item-h{}.layout_37 .usg_post_image_1{width:30%!important;border-radius:10px!important;box-shadow:100px 20px 0 0 var(--color-alt-content-bg)!important}.layout_37 .usg_vwrapper_1{width:60%!important;padding-left:4%!important;padding-top:1rem!important;padding-bottom:1rem!important}@media (min-width:1026px) and (max-width:1280px){.layout_37 .usg_post_image_1{width:40%!important}.layout_37 .usg_vwrapper_1{width:60%!important;padding-left:4%!important;padding-top:1rem!important;padding-bottom:1rem!important}}@media (min-width:601px) and (max-width:1025px){.layout_37 .usg_post_image_1{width:100%!important}.layout_37 .usg_vwrapper_1{width:100%!important;padding-left:0!important;padding-top:1rem!important;padding-bottom:0!important}}@media (max-width:600px){.layout_37 .usg_post_image_1{width:40%!important}.layout_37 .usg_vwrapper_1{width:100%!important;padding-left:0!important;padding-top:1rem!important;padding-bottom:0!important}}<\/style><div class=\"w-grid-list\">\t<article class=\"w-grid-item size_1x1 post-1738 post type-post status-publish format-standard has-post-thumbnail hentry category-uncategorized\" data-id=\"1738\">\r\n\t\t<div class=\"w-grid-item-h\">\r\n\t\t\t\t\t\t<div class=\"w-hwrapper usg_hwrapper_1 align_left valign_middle wrap\" style=\"--hwrapper-gap:0rem\"><div class=\"w-post-elm post_image usg_post_image_1 has_width has_ratio\"><div style=\"padding-bottom:100%\"><\/div><a href=\"https:\/\/www.apidea.faboag.ch\/en\/bestellvorgang\/\" aria-label=\"Bestellvorgang\"><img loading=\"lazy\" decoding=\"async\" width=\"300\" height=\"300\" src=\"https:\/\/www.apidea.faboag.ch\/wp-content\/uploads\/2023\/06\/biene4-300x300.jpg\" class=\"attachment-woocommerce_thumbnail size-woocommerce_thumbnail wp-post-image\" alt=\"\" srcset=\"https:\/\/www.apidea.faboag.ch\/wp-content\/uploads\/2023\/06\/biene4-300x300.jpg 300w, https:\/\/www.apidea.faboag.ch\/wp-content\/uploads\/2023\/06\/biene4-100x100.jpg 100w, https:\/\/www.apidea.faboag.ch\/wp-content\/uploads\/2023\/06\/biene4-150x150.jpg 150w\" sizes=\"auto, (max-width: 300px) 100vw, 300px\" \/><\/a><\/div><div class=\"w-vwrapper usg_vwrapper_1 align_none valign_top\"><h3 class=\"w-post-elm post_title usg_post_title_1 entry-title color_link_inherit\"><a href=\"https:\/\/www.apidea.faboag.ch\/en\/bestellvorgang\/\">Bestellvorgang<\/a><\/h3><div class=\"w-post-elm post_content usg_post_content_1\">Beantragen Sie hier ein H\u00e4ndler-Login und starten Sie ganz unkompliziert mit einer Bestellungsanfrage. Wir senden Ihnen schnellstm\u00f6glich einen Auftrag,&hellip;<\/div><\/div><\/div>\t\t<\/div>\r\n\t<\/article>\r\n\t<article class=\"w-grid-item size_1x1 post-1739 post type-post status-publish format-standard has-post-thumbnail hentry category-uncategorized\" data-id=\"1739\">\r\n\t\t<div class=\"w-grid-item-h\">\r\n\t\t\t\t\t\t<div class=\"w-hwrapper usg_hwrapper_1 align_left valign_middle wrap\" style=\"--hwrapper-gap:0rem\"><div class=\"w-post-elm post_image usg_post_image_1 has_width has_ratio\"><div style=\"padding-bottom:100%\"><\/div><a href=\"https:\/\/www.apidea.faboag.ch\/en\/willkommen\/\" aria-label=\"Willkommen!\"><img loading=\"lazy\" decoding=\"async\" width=\"300\" height=\"300\" src=\"https:\/\/www.apidea.faboag.ch\/wp-content\/uploads\/2023\/09\/apidea_bienenzucht_16-300x300.webp\" class=\"attachment-woocommerce_thumbnail size-woocommerce_thumbnail wp-post-image\" alt=\"\" srcset=\"https:\/\/www.apidea.faboag.ch\/wp-content\/uploads\/2023\/09\/apidea_bienenzucht_16-300x300.webp 300w, https:\/\/www.apidea.faboag.ch\/wp-content\/uploads\/2023\/09\/apidea_bienenzucht_16-100x100.webp 100w, https:\/\/www.apidea.faboag.ch\/wp-content\/uploads\/2023\/09\/apidea_bienenzucht_16-150x150.webp 150w\" sizes=\"auto, (max-width: 300px) 100vw, 300px\" \/><\/a><\/div><div class=\"w-vwrapper usg_vwrapper_1 align_none valign_top\"><h3 class=\"w-post-elm post_title usg_post_title_1 entry-title color_link_inherit\"><a href=\"https:\/\/www.apidea.faboag.ch\/en\/willkommen\/\">Willkommen!<\/a><\/h3><div class=\"w-post-elm post_content usg_post_content_1\">Es ist soweit! Wir freuen uns sehr, euch endlich unseren neuen Webauftritt vorstellen zu k\u00f6nnen. Die Website bietet Wiederverk\u00e4ufern&hellip;<\/div><\/div><\/div>\t\t<\/div>\r\n\t<\/article>\r\n<\/div><div class=\"w-grid-preloader\">\t<div class=\"g-preloader type_1\">\r\n\t\t<div><\/div>\r\n\t<\/div>\r\n\t<\/div>\t<div class=\"w-grid-json hidden\" onclick='return {&quot;action&quot;:&quot;us_ajax_grid&quot;,&quot;ajax_url&quot;:&quot;https:\\\/\\\/www.apidea.faboag.ch\\\/wp-admin\\\/admin-ajax.php&quot;,&quot;infinite_scroll&quot;:0,&quot;max_num_pages&quot;:1,&quot;pagination&quot;:&quot;none&quot;,&quot;template_vars&quot;:{&quot;columns&quot;:&quot;2&quot;,&quot;exclude_items&quot;:&quot;none&quot;,&quot;img_size&quot;:&quot;default&quot;,&quot;ignore_items_size&quot;:0,&quot;items_layout&quot;:&quot;37&quot;,&quot;items_offset&quot;:&quot;1&quot;,&quot;load_animation&quot;:&quot;none&quot;,&quot;overriding_link&quot;:&quot;{\\&quot;url\\&quot;:\\&quot;\\&quot;}&quot;,&quot;post_id&quot;:0,&quot;query_args&quot;:{&quot;post_type&quot;:[&quot;post&quot;],&quot;post_status&quot;:[&quot;publish&quot;],&quot;posts_per_page&quot;:&quot;10&quot;},&quot;orderby_query_args&quot;:{&quot;orderby&quot;:{&quot;date&quot;:&quot;DESC&quot;}},&quot;type&quot;:&quot;grid&quot;,&quot;us_grid_ajax_index&quot;:1,&quot;us_grid_filter_params&quot;:[],&quot;us_grid_index&quot;:1,&quot;_us_grid_post_type&quot;:&quot;post&quot;,&quot;page_args&quot;:[],&quot;lang&quot;:&quot;en&quot;}}'><\/div>\r\n\t<\/div><\/div><\/div><\/div><\/div><\/div><\/div><\/div><\/section>\n","protected":false},"excerpt":{"rendered":"Es ist soweit! Wir freuen uns sehr, euch endlich unseren neuen Webauftritt vorstellen zu k\u00f6nnen. Die Website bietet Wiederverk\u00e4ufern und Interessierten umfangreiche Informationen \u00fcber alle APIDEA Produkte. Der Bestellvorgang wird neu ganz unkompliziert \u00fcber den Webshop abgewickelt. Nun w\u00fcnschen wir euch viel Spass beim Entdecken unserer Website.","protected":false},"author":1,"featured_media":661,"parent":0,"menu_order":0,"comment_status":"closed","ping_status":"closed","template":"","meta":{"footnotes":""},"class_list":["post-1338","page","type-page","status-publish","has-post-thumbnail","hentry"],"_links":{"self":[{"href":"https:\/\/www.apidea.faboag.ch\/en\/wp-json\/wp\/v2\/pages\/1338","targetHints":{"allow":["GET"]}}],"collection":[{"href":"https:\/\/www.apidea.faboag.ch\/en\/wp-json\/wp\/v2\/pages"}],"about":[{"href":"https:\/\/www.apidea.faboag.ch\/en\/wp-json\/wp\/v2\/types\/page"}],"author":[{"embeddable":true,"href":"https:\/\/www.apidea.faboag.ch\/en\/wp-json\/wp\/v2\/users\/1"}],"replies":[{"embeddable":true,"href":"https:\/\/www.apidea.faboag.ch\/en\/wp-json\/wp\/v2\/comments?post=1338"}],"version-history":[{"count":0,"href":"https:\/\/www.apidea.faboag.ch\/en\/wp-json\/wp\/v2\/pages\/1338\/revisions"}],"wp:featuredmedia":[{"embeddable":true,"href":"https:\/\/www.apidea.faboag.ch\/en\/wp-json\/wp\/v2\/media\/661"}],"wp:attachment":[{"href":"https:\/\/www.apidea.faboag.ch\/en\/wp-json\/wp\/v2\/media?parent=1338"}],"curies":[{"name":"wp","href":"https:\/\/api.w.org\/{rel}","templated":true}]}}