{"id":1332,"date":"2023-03-01T11:20:00","date_gmt":"2023-03-01T10:20:00","guid":{"rendered":"https:\/\/www.apidea.faboag.ch\/impressum\/"},"modified":"2023-03-01T11:20:00","modified_gmt":"2023-03-01T10:20:00","slug":"impressum","status":"publish","type":"page","link":"https:\/\/www.apidea.faboag.ch\/en\/impressum\/","title":{"rendered":"Impressum"},"content":{"rendered":"<section class=\"l-section wpb_row height_large\"><div class=\"l-section-h i-cf\"><div class=\"g-cols vc_row via_grid cols_1 laptops-cols_inherit tablets-cols_inherit mobiles-cols_1 valign_top type_default stacking_default\"><div class=\"wpb_column vc_column_container\"><div class=\"vc_column-inner\"><div class=\"wpb_text_column\"><div class=\"wpb_wrapper\"><p style=\"text-align: center;\"><strong>Kontaktadresse<\/strong><\/p>\n<p style=\"text-align: center;\">Apidea AG<br \/>\nKantonsstrasse 45<br \/>\n8807 Freienbach<\/p>\n<p style=\"text-align: center;\">\u00a0+41 (0) 41 710 55 85<br \/>\ninfo@apidea.ch<\/p>\n<p style=\"text-align: center;\"><strong>F\u00fcr den Inhalt verantwortlich<\/strong><\/p>\n<p style=\"text-align: center;\">Apidea AG<br \/>\nKantonsstrasse 45<br \/>\n8807 Freienbach<\/p>\n<p style=\"text-align: center;\">\u00a0+41 (0) 41 710 55 85<br \/>\ninfo@apidea.ch<\/p>\n<p style=\"text-align: center;\"><strong>Technische Realisierung<\/strong><\/p>\n<p style=\"text-align: center;\">FABO communication AG<br \/>\nRheinstrasse 22<br \/>\n7320 Sargans<\/p>\n<p style=\"text-align: center;\">\u00a0081 710 44 48<br \/>\nmail@fabo.ch<\/p>\n<p style=\"text-align: center;\"><strong>Gestaltung<\/strong><\/p>\n<p style=\"text-align: center;\">FABO communication AG<br \/>\nRheinstrasse 22<br \/>\n7320 Sargans<\/p>\n<p style=\"text-align: center;\">\u00a0081 710 44 48<br \/>\nmail@fabo.ch<\/p>\n<p style=\"text-align: center;\"><strong>Copyright \/ Urheberrecht<\/strong><\/p>\n<p style=\"text-align: center;\">Der gesamte Inhalt der Website apidea.ch ist urheberrechtlich gesch\u00fctzt. Die Urheberrechte kommen dabei apidea.ch zu. Die Elemente auf der Website sind nur f\u00fcr Browsingzwecke frei zug\u00e4nglich. Jede Art der Verbreitung, Vervielf\u00e4ltigung, Bearbeitung und Verwertung des gegenst\u00e4ndlichen Materials (auch Teile daraus) ausserhalb der Grenzen des Urheberrechts bedarf der vorherigen schriftlichen Zustimmung des Urhebers. Die Verbreitung und Vervielf\u00e4ltigung des gegenst\u00e4ndlichen Materials (auch Teile daraus) in gedruckter oder elektronischer Form innerhalb der Grenzen des Urheberrechts sind nur mit ausdr\u00fccklicher namentlicher Nennung des Urhebers gestattet.<\/p>\n<p style=\"text-align: center;\">Durch das Herunterladen oder Kopieren von Inhalten, Bildern, Fotos oder anderen Dateien werden keinerlei Rechte bez\u00fcglich der Inhalte \u00fcbertragen. Die verwendeten Namen und Logos sind eingetragene und daher gesch\u00fctzte Marken, weshalb kein Recht zur Nutzung der Bilder, Namen und Logos besteht. apidea.ch beh\u00e4lt sich s\u00e4mtliche Rechte hinsichtlich des gesamten Inhaltes der Website \u2013 ausgenommen davon sind Rechte Dritter \u2013 vor.<\/p>\n<\/div><\/div><\/div><\/div><\/div><\/div><\/section>\n","protected":false},"excerpt":{"rendered":"Kontaktadresse Apidea AG Kantonsstrasse 45 8807 Freienbach \u00a0+41 (0) 41 710 55 85 info@apidea.ch F\u00fcr den Inhalt verantwortlich Apidea AG Kantonsstrasse 45 8807 Freienbach \u00a0+41 (0) 41 710 55 85 info@apidea.ch Technische Realisierung FABO communication AG Rheinstrasse 22 7320 Sargans \u00a0081 710 44 48 mail@fabo.ch Gestaltung FABO communication AG Rheinstrasse 22 7320 Sargans \u00a0081 710...","protected":false},"author":1,"featured_media":625,"parent":0,"menu_order":0,"comment_status":"closed","ping_status":"closed","template":"","meta":{"footnotes":""},"class_list":["post-1332","page","type-page","status-publish","has-post-thumbnail","hentry"],"_links":{"self":[{"href":"https:\/\/www.apidea.faboag.ch\/en\/wp-json\/wp\/v2\/pages\/1332","targetHints":{"allow":["GET"]}}],"collection":[{"href":"https:\/\/www.apidea.faboag.ch\/en\/wp-json\/wp\/v2\/pages"}],"about":[{"href":"https:\/\/www.apidea.faboag.ch\/en\/wp-json\/wp\/v2\/types\/page"}],"author":[{"embeddable":true,"href":"https:\/\/www.apidea.faboag.ch\/en\/wp-json\/wp\/v2\/users\/1"}],"replies":[{"embeddable":true,"href":"https:\/\/www.apidea.faboag.ch\/en\/wp-json\/wp\/v2\/comments?post=1332"}],"version-history":[{"count":0,"href":"https:\/\/www.apidea.faboag.ch\/en\/wp-json\/wp\/v2\/pages\/1332\/revisions"}],"wp:featuredmedia":[{"embeddable":true,"href":"https:\/\/www.apidea.faboag.ch\/en\/wp-json\/wp\/v2\/media\/625"}],"wp:attachment":[{"href":"https:\/\/www.apidea.faboag.ch\/en\/wp-json\/wp\/v2\/media?parent=1332"}],"curies":[{"name":"wp","href":"https:\/\/api.w.org\/{rel}","templated":true}]}}