{"id":1329,"date":"2023-10-13T08:49:28","date_gmt":"2023-10-13T06:49:28","guid":{"rendered":"https:\/\/www.apidea.faboag.ch\/agb\/"},"modified":"2023-10-13T08:49:28","modified_gmt":"2023-10-13T06:49:28","slug":"agb","status":"publish","type":"page","link":"https:\/\/www.apidea.faboag.ch\/en\/agb\/","title":{"rendered":"AGB"},"content":{"rendered":"<section class=\"l-section wpb_row height_large\"><div class=\"l-section-h i-cf\"><div class=\"g-cols vc_row via_grid cols_1 laptops-cols_inherit tablets-cols_inherit mobiles-cols_1 valign_top type_default stacking_default\"><div class=\"wpb_column vc_column_container\"><div class=\"vc_column-inner\"><div class=\"wpb_text_column\"><div class=\"wpb_wrapper\"><h2>Allgemeine Gesch\u00e4ftsbedingungen (AGB)<\/h2>\n<p>Stand: Oktober 2023<\/p>\n<p><strong>1. Geltungsbereich<\/strong><\/p>\n<p>Die Allgemeinen Gesch\u00e4ftsbedingungen (nachfolgend \u00abAGB\u00bb genannt) gelten f\u00fcr s\u00e4mtliche Bestellungen, die \u00fcber den Onlineshop www.apidea.ch abgeschlossen werden. APIDEA AG beh\u00e4lt sich das Recht vor, diese AGB jederzeit zu \u00e4ndern. Massgebend ist jeweils die zum Zeitpunkt der Bestellung geltende Version dieser AGB, welche f\u00fcr diese Bestellung nicht einseitig ge\u00e4ndert werden k\u00f6nnen. Entgegenstehende oder von diesen AGB abweichende Bedingungen der Kundschaft werden nicht anerkannt. Das Angebot gilt, solange das Produkt im Onlineshop ersichtlich ist und\/oder der Vorrat reicht.<\/p>\n<p><strong>2. Produkt und Preis<\/strong><\/p>\n<p>Abbildungen von Produkten im Onlineshop oder Flyern dienen der Illustration und sind unverbindlich.<\/p>\n<p>Alle im Online-Shop publizierten Verkaufspreise sind Nettopreise, exklusive m\u00f6glicherweise anfallender Steuern, insbesondere MwSt. und exklusive Lieferkosten. APIDEA AG beh\u00e4lt sich das Recht vor, die Preise jederzeit zu \u00e4ndern. Ausschlaggebend f\u00fcr das Zustandekommen des Kaufvertrages ist der Preis im Onlineshop zum Zeitpunkt der Bestellung.<\/p>\n<p><strong>3. Vertragsabschluss<\/strong><\/p>\n<p>Die Produkte und Preise im Onlineshop gelten als Angebot. Dieses Angebot steht jedoch immer unter der den Vertrag aufl\u00f6senden Bedingungen einer Lieferunm\u00f6glichkeit oder einer fehlerhaften Preisangabe.<\/p>\n<p>Der Kaufvertrag kommt zum Zeitpunkt der definitiven Bestellung zustande. F\u00fcr Kunden aus der Schweiz ist dies bei Bestellungseingang direkt nach der online-Bestellung. Bei Kunden ausserhalb der Schweiz, sendet APIDEA AG eine Auftragsbest\u00e4tigung mit allen anfallenden Kosten wie Spedition und allf\u00e4lliger MwSt., welcher bei Best\u00e4tigung der Kundschaft in eine definitive Bestellung umgewandelt wird und somit als Zeitpunkt des Vertragsabschlusses gilt.<\/p>\n<p>Eine Online-Bestellung wird mittels einer automatisch generierten Mail angezeigt. Diese E-Mail enth\u00e4lt keine Zusage, dass das Produkt auch tats\u00e4chlich geliefert werden kann. Sie benachrichtigt lediglich, dass die Bestellung beim Onlineshop eingetroffen ist.<\/p>\n<p><strong>4. Pr\u00fcfpflicht<\/strong><\/p>\n<p>Die Kundschaft hat gelieferte Produkte sofort auf Richtigkeit, Vollst\u00e4ndigkeit und Liefersch\u00e4den zu pr\u00fcfen. Liefersch\u00e4den, Falsch- oder unvollst\u00e4ndige Lieferungen sind APIDEA AG innert 5 Kalendertagen ab dem Zeitpunkt der Zustellung zu melden.<\/p>\n<p><strong>5. Gew\u00e4hrleistung<\/strong><\/p>\n<p>APIDEA AG \u00fcbernimmt w\u00e4hrend 2 Jahren nach der Lieferung die Garantie f\u00fcr M\u00e4ngelfreiheit des bestellten Produktes. Die Garantiedauer l\u00e4uft ungeachtet der Erbringung allf\u00e4lliger Garantieleistungen weiter. APIDEA AG kann die Garantie wahlweise durch<\/p>\n<ul>\n<li>Kostenlose Reparatur (urspr\u00fcngliche Garantiefrist l\u00e4uft auf gesamten Produkten weiter);<\/li>\n<li>Teilweisen oder vollst\u00e4ndigen Ersatz durch ein neues Produkt (neue Garantiefrist von 2 Jahren ab Ersatz);<\/li>\n<li>Gutschrift zum Tagespreis, (maximal den Verkaufspreis im Zeitpunkt der Bestellung);<\/li>\n<li>Minderung<\/li>\n<\/ul>\n<p>erbringen. Es gelten die Haftungsausschl\u00fcsse gem\u00e4ss Ziffer 6.<\/p>\n<p><strong>6. Haftung und Haftungsausschl\u00fcsse<\/strong><\/p>\n<p>Die Haftung richtet sich nach den anwendbaren gesetzlichen Bestimmungen. Allerdings haftet APIDEA AG in keinem Fall f\u00fcr leichte Fahrl\u00e4ssigkeit, indirekte und mittelbare Sch\u00e4den und Folgesch\u00e4den und entgangenen Gewinn, nicht realisierte Einsparungen, Sch\u00e4den aus Lieferverzug.<\/p>\n<p>Im \u00dcbrigen lehnt APIDEA AG die Haftung bei Vorliegen folgender F\u00e4lle ab:<\/p>\n<ul>\n<li>unsachgem\u00e4sse, vertragswidrige oder widerrechtliche Lagerung, Einstellung oder Benutzung der Produkte;<\/li>\n<li>unterlassene Wartung und\/oder unsachgem\u00e4sse Ab\u00e4nderung oder Reparatur der Produkte durch die Kundschaft oder einen Dritten;<\/li>\n<li>h\u00f6here Gewalt, insbesondere Elementar-, Feuchtigkeits-, Sturz- und Schlagsch\u00e4den usw., welche nicht durch APIDEA AG zu vertreten sind, und beh\u00f6rdliche Anordnungen.<\/li>\n<\/ul>\n<p>APIDEA AG schliesst uneingeschr\u00e4nkt jede Haftung f\u00fcr Verluste bzw. Sch\u00e4den irgendwelcher Art aus &#8211; sei es f\u00fcr direkte, indirekte oder Folgesch\u00e4den -, die sich aus der Ben\u00fctzung der bzw. des Zugriffs auf die APIDEA AG Website oder aus Links zu Websites Dritter ergeben sollten. APIDEA AG garantiert nicht, dass die einzelnen Teile ihrer Website fehlerlos funktionieren. Zudem lehnt APIDEA AG jede Haftung f\u00fcr Manipulationen am EDV-System des Internet-Benutzers durch Unbefugte ab.<\/p>\n<p><strong>7. Zahlung und Zahlungsverzug<\/strong><\/p>\n<p>Es gilt Kauf auf Rechnung. Bei Bestellungen innerhalb der Schweiz ist die Kundschaft verpflichtet, den Rechnungsbetrag innert 20 Kalendertagen nach Erhalt der Lieferung ohne jeglichen (Skonto-) Abzug zu begleichen. Lieferungen gegen Nachnahme bleiben vorbehalten Ausserhalb der Schweiz gilt Vorauskasse.<\/p>\n<p>Kommt die Kundschaft ihrer Zahlungsverpflichtungen ganz oder teilweise nicht nach, werden alle offenen Betr\u00e4ge, welche die Kundschaft APIDEA AG schuldet, sofort (bei Vorauszahlung innert 8 Kalendertagen seit der 1. Mahnung) f\u00e4llig und APIDEA AG kann diese sofort einfordern und weitere Lieferungen von Produkten an die Kundschaft einstellen.<\/p>\n<p>APIDEA AG erhebt f\u00fcr die 2. Mahnung eine Umtriebsentsch\u00e4digung von CHF 5.\u2013 (oder im Ausland EUR 5. \u2013) und f\u00fcr die 3. Mahnung eine Umtriebsentsch\u00e4digung von CHF 20.\u2013 (oder im Ausland EUR 20. \u2013). Bei erfolglosen Mahnungen k\u00f6nnen die Rechnungsbetr\u00e4ge an eine mit dem Inkasso beauftragte Firma abgetreten werden. In diesem Fall kann zus\u00e4tzlich ein effektiver Jahreszins von bis zu 15% auf dem geschuldeten Rechnungsbetrag ab F\u00e4lligkeitsdatum in Rechnung gestellt werden. Die mit dem Inkasso beauftragte Firma wird die offenen Betr\u00e4ge in eigenem Namen und auf eigene Rechnung geltend machen und kann zus\u00e4tzliche Bearbeitungsgeb\u00fchren erheben.<\/p>\n<p><strong>8. Eigentumsvorbehalt<\/strong><\/p>\n<p>Bestellte Produkte bleiben bis zur vollst\u00e4ndigen Bezahlung an APIDEA AG im Eigentum von APIDEA AG. APIDEA AG ist berechtigt, einen entsprechenden Eintrag im Eigentumsvorbehaltsregister vorzunehmen. Vor Eigentums\u00fcbergang ist eine Verpf\u00e4ndung, Sicherungs\u00fcbereignung, Verarbeitung oder Umgestaltung ohne ausdr\u00fcckliche Einwilligung von APIDEA AG nicht zul\u00e4ssig.<\/p>\n<p><strong>9. \u00c4nderung der Bestellung oder Stornierung<\/strong><\/p>\n<p>Definitive Bestellungen verpflichten die Kundschaft zur Abnahme der Produkte. Nachtr\u00e4gliche \u00c4nderungen oder Stornierungen von Bestellungen der Kundschaft kann APIDEA AG nach freiem Ermessen akzeptieren und eine Umtriebs-Entsch\u00e4digung von 30% des stornierten Bestellwerts, mindestens aber CHF 80.00 (oder im Ausland EUR 80. \u2013), sowie den allf\u00e4lligen Wertverlust der stornierten Produkte seit deren Bestellung in Rechnung stellen.<\/p>\n<p>Tritt nach einer Bestellung bzw. dem Vertragsabschluss gem\u00e4ss Ziffer 3 eine (Teil-) Lieferunm\u00f6glichkeit (aufl\u00f6sende Bedingung) ein, wird die Kundschaft umgehend per E-Mail informiert. Falls die Kundschaft bereits bezahlt hat, wird ihr dieser Betrag zur\u00fcckerstattet. Ist noch keine Zahlung erfolgt, wird die Kundschaft von der Zahlungspflicht befreit. Weitere Anspr\u00fcche wegen Lieferverzug oder Ausfall der Lieferung sind ausgeschlossen.<\/p>\n<p><strong>10. Datenschutz<\/strong><\/p>\n<p>Die Datenschutzerkl\u00e4rung ist integrierter Bestandteil dieser AGB; mit der Akzeptanz dieser AGB stimmt die Kundschaft auch der <a href=\"https:\/\/www.apidea.faboag.ch\/datenschutz\/\" target=\"_blank\" rel=\"noopener\">Datenschutzerkl\u00e4rung<\/a> zu.<\/p>\n<p><strong>11. Teilung\u00fcltigkeit<\/strong><\/p>\n<p>Sollten einzelne Bestimmungen dieser AGB ung\u00fcltig oder unwirksam sein, so hat dies keinen Einfluss auf die Wirksamkeit der restlichen Bestimmungen und dieser AGB insgesamt.<\/p>\n<p><strong>12. Anwendbares Recht und Gerichtsstand<\/strong><\/p>\n<p>S\u00e4mtliche Rechtsbeziehungen zwischen APIDEA AG und der Kundschaft unterstehen schweizerischem Recht. Im Streitfall gilt als Gerichtsstand der Gesch\u00e4ftssitz der APIDEA AG.<\/p>\n<\/div><\/div><\/div><\/div><\/div><\/div><\/section>\n","protected":false},"excerpt":{"rendered":"Allgemeine Gesch\u00e4ftsbedingungen (AGB) Stand: Oktober 2023 1. Geltungsbereich Die Allgemeinen Gesch\u00e4ftsbedingungen (nachfolgend \u00abAGB\u00bb genannt) gelten f\u00fcr s\u00e4mtliche Bestellungen, die \u00fcber den Onlineshop www.apidea.ch abgeschlossen werden. APIDEA AG beh\u00e4lt sich das Recht vor, diese AGB jederzeit zu \u00e4ndern. Massgebend ist jeweils die zum Zeitpunkt der Bestellung geltende Version dieser AGB, welche f\u00fcr diese Bestellung nicht einseitig...","protected":false},"author":1,"featured_media":881,"parent":0,"menu_order":0,"comment_status":"closed","ping_status":"closed","template":"","meta":{"footnotes":""},"class_list":["post-1329","page","type-page","status-publish","has-post-thumbnail","hentry"],"_links":{"self":[{"href":"https:\/\/www.apidea.faboag.ch\/en\/wp-json\/wp\/v2\/pages\/1329","targetHints":{"allow":["GET"]}}],"collection":[{"href":"https:\/\/www.apidea.faboag.ch\/en\/wp-json\/wp\/v2\/pages"}],"about":[{"href":"https:\/\/www.apidea.faboag.ch\/en\/wp-json\/wp\/v2\/types\/page"}],"author":[{"embeddable":true,"href":"https:\/\/www.apidea.faboag.ch\/en\/wp-json\/wp\/v2\/users\/1"}],"replies":[{"embeddable":true,"href":"https:\/\/www.apidea.faboag.ch\/en\/wp-json\/wp\/v2\/comments?post=1329"}],"version-history":[{"count":0,"href":"https:\/\/www.apidea.faboag.ch\/en\/wp-json\/wp\/v2\/pages\/1329\/revisions"}],"wp:featuredmedia":[{"embeddable":true,"href":"https:\/\/www.apidea.faboag.ch\/en\/wp-json\/wp\/v2\/media\/881"}],"wp:attachment":[{"href":"https:\/\/www.apidea.faboag.ch\/en\/wp-json\/wp\/v2\/media?parent=1329"}],"curies":[{"name":"wp","href":"https:\/\/api.w.org\/{rel}","templated":true}]}}